{"id":12823,"date":"2025-11-28T15:10:58","date_gmt":"2025-11-28T20:10:58","guid":{"rendered":"https:\/\/cseb.ca\/evenements\/2026-conference\/"},"modified":"2026-04-02T12:33:50","modified_gmt":"2026-04-02T16:33:50","slug":"conference-2026","status":"publish","type":"page","link":"https:\/\/cseb.ca\/fr\/evenements\/conference-2026\/","title":{"rendered":"Conf\u00e9rence 2026"},"content":{"rendered":"<div id=\"cs-content\" class=\"cs-content\"><\/div>\n","protected":false},"excerpt":{"rendered":"<p>Soumettez un r\u00e9sum\u00e9 Inscription Conf\u00e9rencier principal R\u00e9servez la date !La Soci\u00e9t\u00e9 canadienne d&rsquo;\u00e9pid\u00e9miologie et de biostatistique est heureuse d&rsquo;annoncer officiellement que la premi\u00e8re conf\u00e9rence virtuelle de la SCEB aura lieu les\u00a0: 16 et 17 juin 2026 Ces derni\u00e8res ann\u00e9es, les &#8230; <\/p>\n<div><a href=\"https:\/\/cseb.ca\/fr\/evenements\/conference-2026\/\" class=\"more-link\">Read More<\/a><\/div>\n","protected":false},"author":100,"featured_media":0,"parent":9665,"menu_order":0,"comment_status":"closed","ping_status":"closed","template":"template-blank-4.php","meta":{"footnotes":""},"class_list":["post-12823","page","type-page","status-publish","hentry","no-post-thumbnail"],"_links":{"self":[{"href":"https:\/\/cseb.ca\/fr\/wp-json\/wp\/v2\/pages\/12823","targetHints":{"allow":["GET"]}}],"collection":[{"href":"https:\/\/cseb.ca\/fr\/wp-json\/wp\/v2\/pages"}],"about":[{"href":"https:\/\/cseb.ca\/fr\/wp-json\/wp\/v2\/types\/page"}],"author":[{"embeddable":true,"href":"https:\/\/cseb.ca\/fr\/wp-json\/wp\/v2\/users\/100"}],"replies":[{"embeddable":true,"href":"https:\/\/cseb.ca\/fr\/wp-json\/wp\/v2\/comments?post=12823"}],"version-history":[{"count":44,"href":"https:\/\/cseb.ca\/fr\/wp-json\/wp\/v2\/pages\/12823\/revisions"}],"predecessor-version":[{"id":13835,"href":"https:\/\/cseb.ca\/fr\/wp-json\/wp\/v2\/pages\/12823\/revisions\/13835"}],"up":[{"embeddable":true,"href":"https:\/\/cseb.ca\/fr\/wp-json\/wp\/v2\/pages\/9665"}],"wp:attachment":[{"href":"https:\/\/cseb.ca\/fr\/wp-json\/wp\/v2\/media?parent=12823"}],"curies":[{"name":"wp","href":"https:\/\/api.w.org\/{rel}","templated":true}]}}