{"id":13124,"date":"2026-02-03T16:59:53","date_gmt":"2026-02-03T21:59:53","guid":{"rendered":"https:\/\/cseb.ca\/?page_id=13124"},"modified":"2026-02-03T17:01:18","modified_gmt":"2026-02-03T22:01:18","slug":"prix-irsc-ic-et-sceb","status":"publish","type":"page","link":"https:\/\/cseb.ca\/fr\/prix-et-distinctions\/prix-irsc-ic-et-sceb\/","title":{"rendered":"Nouveaux prix IRSC-IC et SC\u00c9B"},"content":{"rendered":"<div id=\"cs-content\" class=\"cs-content\"><\/div>\n","protected":false},"excerpt":{"rendered":"<p>Prix IRSC-IC et SC\u00c9B en \u00e9pid\u00e9miologie et biostatistique du cancer La Soci\u00e9t\u00e9 canadienne d\u2019\u00e9pid\u00e9miologie et de biostatistique (SC\u00c9B) s\u2019associe aux Instituts de recherche en sant\u00e9 du Canada \u2013 Institut du cancer (IRSC-IC) afin de reconna\u00eetre conjointement les r\u00e9alisations, le leadership &#8230; <\/p>\n<div><a href=\"https:\/\/cseb.ca\/fr\/prix-et-distinctions\/prix-irsc-ic-et-sceb\/\" class=\"more-link\">Read More<\/a><\/div>\n","protected":false},"author":100,"featured_media":0,"parent":7236,"menu_order":0,"comment_status":"closed","ping_status":"closed","template":"template-blank-4.php","meta":{"footnotes":""},"class_list":["post-13124","page","type-page","status-publish","hentry","no-post-thumbnail"],"_links":{"self":[{"href":"https:\/\/cseb.ca\/fr\/wp-json\/wp\/v2\/pages\/13124","targetHints":{"allow":["GET"]}}],"collection":[{"href":"https:\/\/cseb.ca\/fr\/wp-json\/wp\/v2\/pages"}],"about":[{"href":"https:\/\/cseb.ca\/fr\/wp-json\/wp\/v2\/types\/page"}],"author":[{"embeddable":true,"href":"https:\/\/cseb.ca\/fr\/wp-json\/wp\/v2\/users\/100"}],"replies":[{"embeddable":true,"href":"https:\/\/cseb.ca\/fr\/wp-json\/wp\/v2\/comments?post=13124"}],"version-history":[{"count":6,"href":"https:\/\/cseb.ca\/fr\/wp-json\/wp\/v2\/pages\/13124\/revisions"}],"predecessor-version":[{"id":13132,"href":"https:\/\/cseb.ca\/fr\/wp-json\/wp\/v2\/pages\/13124\/revisions\/13132"}],"up":[{"embeddable":true,"href":"https:\/\/cseb.ca\/fr\/wp-json\/wp\/v2\/pages\/7236"}],"wp:attachment":[{"href":"https:\/\/cseb.ca\/fr\/wp-json\/wp\/v2\/media?parent=13124"}],"curies":[{"name":"wp","href":"https:\/\/api.w.org\/{rel}","templated":true}]}}