{"id":13865,"date":"2026-04-07T15:10:07","date_gmt":"2026-04-07T19:10:07","guid":{"rendered":"https:\/\/cseb.ca\/?page_id=13865"},"modified":"2026-04-07T15:11:01","modified_gmt":"2026-04-07T19:11:01","slug":"webinaires","status":"publish","type":"page","link":"https:\/\/cseb.ca\/fr\/evenements\/webinaires\/","title":{"rendered":"Webinaires"},"content":{"rendered":"<div id=\"cs-content\" class=\"cs-content\"><\/div>\n","protected":false},"excerpt":{"rendered":"<p>WEBINAIRESVeuillez noter \u00e0 votre agenda la table ronde sur les carri\u00e8res organis\u00e9e par la Soci\u00e9t\u00e9 canadienne d&rsquo;\u00e9pid\u00e9miologie et de biostatistique (SCEB), qui aura lieu le mercredi 20 mai \u00e0 12 h (heure de l&rsquo;Est). Tous sont les bienvenus ! Cette &#8230; <\/p>\n<div><a href=\"https:\/\/cseb.ca\/fr\/evenements\/webinaires\/\" class=\"more-link\">Read More<\/a><\/div>\n","protected":false},"author":100,"featured_media":0,"parent":9665,"menu_order":500,"comment_status":"closed","ping_status":"closed","template":"template-blank-4.php","meta":{"footnotes":""},"class_list":["post-13865","page","type-page","status-publish","hentry","no-post-thumbnail"],"_links":{"self":[{"href":"https:\/\/cseb.ca\/fr\/wp-json\/wp\/v2\/pages\/13865","targetHints":{"allow":["GET"]}}],"collection":[{"href":"https:\/\/cseb.ca\/fr\/wp-json\/wp\/v2\/pages"}],"about":[{"href":"https:\/\/cseb.ca\/fr\/wp-json\/wp\/v2\/types\/page"}],"author":[{"embeddable":true,"href":"https:\/\/cseb.ca\/fr\/wp-json\/wp\/v2\/users\/100"}],"replies":[{"embeddable":true,"href":"https:\/\/cseb.ca\/fr\/wp-json\/wp\/v2\/comments?post=13865"}],"version-history":[{"count":10,"href":"https:\/\/cseb.ca\/fr\/wp-json\/wp\/v2\/pages\/13865\/revisions"}],"predecessor-version":[{"id":13875,"href":"https:\/\/cseb.ca\/fr\/wp-json\/wp\/v2\/pages\/13865\/revisions\/13875"}],"up":[{"embeddable":true,"href":"https:\/\/cseb.ca\/fr\/wp-json\/wp\/v2\/pages\/9665"}],"wp:attachment":[{"href":"https:\/\/cseb.ca\/fr\/wp-json\/wp\/v2\/media?parent=13865"}],"curies":[{"name":"wp","href":"https:\/\/api.w.org\/{rel}","templated":true}]}}