{"id":14199,"date":"2026-05-07T15:37:59","date_gmt":"2026-05-07T19:37:59","guid":{"rendered":"https:\/\/cseb.ca\/?page_id=14199"},"modified":"2026-05-07T15:52:28","modified_gmt":"2026-05-07T19:52:28","slug":"comite-soutien-communaute-francophone","status":"publish","type":"page","link":"https:\/\/cseb.ca\/fr\/a-propos\/comites\/comite-soutien-communaute-francophone\/","title":{"rendered":"Comit\u00e9 de soutien \u00e0 la communaut\u00e9 francophone"},"content":{"rendered":"<div id=\"cs-content\" class=\"cs-content\"><\/div>\n","protected":false},"excerpt":{"rendered":"<p>Comit\u00e9 de soutien \u00e0 la communaut\u00e9 francophoneCe Comit\u00e9 de soutien assiste le membre du Conseil d\u2019administration repr\u00e9sentant la communaut\u00e9 francophone pour la promotion de l&rsquo;accessibilit\u00e9 linguistique au sein de la Soci\u00e9t\u00e9 canadienne d&rsquo;\u00e9pid\u00e9miologie et de biostatistique (SCEB). Compos\u00e9 de membres &#8230; <\/p>\n<div><a href=\"https:\/\/cseb.ca\/fr\/a-propos\/comites\/comite-soutien-communaute-francophone\/\" class=\"more-link\">Read More<\/a><\/div>\n","protected":false},"author":100,"featured_media":0,"parent":14209,"menu_order":0,"comment_status":"closed","ping_status":"closed","template":"template-blank-4.php","meta":{"footnotes":""},"class_list":["post-14199","page","type-page","status-publish","hentry","no-post-thumbnail"],"_links":{"self":[{"href":"https:\/\/cseb.ca\/fr\/wp-json\/wp\/v2\/pages\/14199","targetHints":{"allow":["GET"]}}],"collection":[{"href":"https:\/\/cseb.ca\/fr\/wp-json\/wp\/v2\/pages"}],"about":[{"href":"https:\/\/cseb.ca\/fr\/wp-json\/wp\/v2\/types\/page"}],"author":[{"embeddable":true,"href":"https:\/\/cseb.ca\/fr\/wp-json\/wp\/v2\/users\/100"}],"replies":[{"embeddable":true,"href":"https:\/\/cseb.ca\/fr\/wp-json\/wp\/v2\/comments?post=14199"}],"version-history":[{"count":8,"href":"https:\/\/cseb.ca\/fr\/wp-json\/wp\/v2\/pages\/14199\/revisions"}],"predecessor-version":[{"id":14212,"href":"https:\/\/cseb.ca\/fr\/wp-json\/wp\/v2\/pages\/14199\/revisions\/14212"}],"up":[{"embeddable":true,"href":"https:\/\/cseb.ca\/fr\/wp-json\/wp\/v2\/pages\/14209"}],"wp:attachment":[{"href":"https:\/\/cseb.ca\/fr\/wp-json\/wp\/v2\/media?parent=14199"}],"curies":[{"name":"wp","href":"https:\/\/api.w.org\/{rel}","templated":true}]}}