{"id":14250,"date":"2026-05-08T14:08:34","date_gmt":"2026-05-08T18:08:34","guid":{"rendered":"https:\/\/cseb.ca\/?page_id=14250"},"modified":"2026-05-08T14:09:35","modified_gmt":"2026-05-08T18:09:35","slug":"conseil-administration","status":"publish","type":"page","link":"https:\/\/cseb.ca\/fr\/a-propos\/conseil-administration\/","title":{"rendered":"Conseil d&rsquo;administration"},"content":{"rendered":"<div id=\"cs-content\" class=\"cs-content\"><\/div>\n","protected":false},"excerpt":{"rendered":"<p>Conseil d&rsquo;administration 2024 &#8211; 2026T\u00e9l\u00e9charger les r\u00f4les et responsabilit\u00e9s du Conseil d&rsquo;administration Pr\u00e9sidente : Hilary Brown Hilary Brown, Ph.D., est professeure adjointe \u00e0 l&rsquo;Universit\u00e9 de Toronto, au D\u00e9partement de la sant\u00e9 et de la soci\u00e9t\u00e9 et \u00e0 l&rsquo;\u00c9cole de sant\u00e9 &#8230; <\/p>\n<div><a href=\"https:\/\/cseb.ca\/fr\/a-propos\/conseil-administration\/\" class=\"more-link\">Read More<\/a><\/div>\n","protected":false},"author":100,"featured_media":0,"parent":7190,"menu_order":0,"comment_status":"closed","ping_status":"closed","template":"template-blank-4.php","meta":{"footnotes":""},"class_list":["post-14250","page","type-page","status-publish","hentry","no-post-thumbnail"],"_links":{"self":[{"href":"https:\/\/cseb.ca\/fr\/wp-json\/wp\/v2\/pages\/14250","targetHints":{"allow":["GET"]}}],"collection":[{"href":"https:\/\/cseb.ca\/fr\/wp-json\/wp\/v2\/pages"}],"about":[{"href":"https:\/\/cseb.ca\/fr\/wp-json\/wp\/v2\/types\/page"}],"author":[{"embeddable":true,"href":"https:\/\/cseb.ca\/fr\/wp-json\/wp\/v2\/users\/100"}],"replies":[{"embeddable":true,"href":"https:\/\/cseb.ca\/fr\/wp-json\/wp\/v2\/comments?post=14250"}],"version-history":[{"count":10,"href":"https:\/\/cseb.ca\/fr\/wp-json\/wp\/v2\/pages\/14250\/revisions"}],"predecessor-version":[{"id":14260,"href":"https:\/\/cseb.ca\/fr\/wp-json\/wp\/v2\/pages\/14250\/revisions\/14260"}],"up":[{"embeddable":true,"href":"https:\/\/cseb.ca\/fr\/wp-json\/wp\/v2\/pages\/7190"}],"wp:attachment":[{"href":"https:\/\/cseb.ca\/fr\/wp-json\/wp\/v2\/media?parent=14250"}],"curies":[{"name":"wp","href":"https:\/\/api.w.org\/{rel}","templated":true}]}}