{"id":7089,"date":"2025-03-22T08:00:56","date_gmt":"2025-03-22T12:00:56","guid":{"rendered":"https:\/\/cseb.ca\/2025-conference\/"},"modified":"2025-08-20T11:27:47","modified_gmt":"2025-08-20T15:27:47","slug":"conference-2025","status":"publish","type":"page","link":"https:\/\/cseb.ca\/fr\/evenements\/conference-2025\/","title":{"rendered":"Conf\u00e9rence 2025"},"content":{"rendered":"<div id=\"cs-content\" class=\"cs-content\"><\/div>\n","protected":false},"excerpt":{"rendered":"<p>Introduction Inscription Opportunit\u00e9s de parrainage Lieu de la conf\u00e9rence Programme Commanditaires Comit\u00e9s \u00c9pid\u00e9miologie et biostatistique : Innover ensemble pour une meilleure sant\u00e9InscriptionL&rsquo;inscription \u00e0 la conf\u00e9rence est maintenant ferm\u00e9esLes prix indiqu\u00e9s sont hors taxes Inscription h\u00e2tive : vendredi le 9 mai &#8230; <\/p>\n<div><a href=\"https:\/\/cseb.ca\/fr\/evenements\/conference-2025\/\" class=\"more-link\">Read More<\/a><\/div>\n","protected":false},"author":100,"featured_media":0,"parent":9665,"menu_order":100,"comment_status":"closed","ping_status":"closed","template":"template-blank-4.php","meta":{"footnotes":""},"class_list":["post-7089","page","type-page","status-publish","hentry","no-post-thumbnail"],"_links":{"self":[{"href":"https:\/\/cseb.ca\/fr\/wp-json\/wp\/v2\/pages\/7089","targetHints":{"allow":["GET"]}}],"collection":[{"href":"https:\/\/cseb.ca\/fr\/wp-json\/wp\/v2\/pages"}],"about":[{"href":"https:\/\/cseb.ca\/fr\/wp-json\/wp\/v2\/types\/page"}],"author":[{"embeddable":true,"href":"https:\/\/cseb.ca\/fr\/wp-json\/wp\/v2\/users\/100"}],"replies":[{"embeddable":true,"href":"https:\/\/cseb.ca\/fr\/wp-json\/wp\/v2\/comments?post=7089"}],"version-history":[{"count":13,"href":"https:\/\/cseb.ca\/fr\/wp-json\/wp\/v2\/pages\/7089\/revisions"}],"predecessor-version":[{"id":11801,"href":"https:\/\/cseb.ca\/fr\/wp-json\/wp\/v2\/pages\/7089\/revisions\/11801"}],"up":[{"embeddable":true,"href":"https:\/\/cseb.ca\/fr\/wp-json\/wp\/v2\/pages\/9665"}],"wp:attachment":[{"href":"https:\/\/cseb.ca\/fr\/wp-json\/wp\/v2\/media?parent=7089"}],"curies":[{"name":"wp","href":"https:\/\/api.w.org\/{rel}","templated":true}]}}