{"id":7183,"date":"2024-05-25T00:00:08","date_gmt":"2024-05-25T04:00:08","guid":{"rendered":"https:\/\/cseb.ca\/home\/"},"modified":"2024-08-30T11:34:56","modified_gmt":"2024-08-30T15:34:56","slug":"accueil","status":"publish","type":"page","link":"https:\/\/cseb.ca\/fr\/","title":{"rendered":"Accueil"},"content":{"rendered":"<div id=\"cs-content\" class=\"cs-content\"><\/div>\n","protected":false},"excerpt":{"rendered":"<p>Soci\u00e9t\u00e9 canadienne d&rsquo;\u00e9pid\u00e9miologie et de biostatistiqueLa Soci\u00e9t\u00e9 canadienne d&rsquo;\u00e9pid\u00e9miologie et de biostatistique est une organisation professionnelle qui encourage et promeut ces deux sciences interd\u00e9pendantes afin d&rsquo;am\u00e9liorer la sant\u00e9 et le bien-\u00eatre par la recherche et la pratique.En savoir plus sur &#8230; <\/p>\n<div><a href=\"https:\/\/cseb.ca\/fr\/\" class=\"more-link\">Read More<\/a><\/div>\n","protected":false},"author":100,"featured_media":0,"parent":0,"menu_order":0,"comment_status":"closed","ping_status":"closed","template":"template-blank-4.php","meta":{"footnotes":""},"class_list":["post-7183","page","type-page","status-publish","hentry","no-post-thumbnail"],"_links":{"self":[{"href":"https:\/\/cseb.ca\/fr\/wp-json\/wp\/v2\/pages\/7183","targetHints":{"allow":["GET"]}}],"collection":[{"href":"https:\/\/cseb.ca\/fr\/wp-json\/wp\/v2\/pages"}],"about":[{"href":"https:\/\/cseb.ca\/fr\/wp-json\/wp\/v2\/types\/page"}],"author":[{"embeddable":true,"href":"https:\/\/cseb.ca\/fr\/wp-json\/wp\/v2\/users\/100"}],"replies":[{"embeddable":true,"href":"https:\/\/cseb.ca\/fr\/wp-json\/wp\/v2\/comments?post=7183"}],"version-history":[{"count":1,"href":"https:\/\/cseb.ca\/fr\/wp-json\/wp\/v2\/pages\/7183\/revisions"}],"predecessor-version":[{"id":7189,"href":"https:\/\/cseb.ca\/fr\/wp-json\/wp\/v2\/pages\/7183\/revisions\/7189"}],"wp:attachment":[{"href":"https:\/\/cseb.ca\/fr\/wp-json\/wp\/v2\/media?parent=7183"}],"curies":[{"name":"wp","href":"https:\/\/api.w.org\/{rel}","templated":true}]}}