{"id":7190,"date":"2013-07-16T05:49:26","date_gmt":"2013-07-16T09:49:26","guid":{"rendered":"https:\/\/cseb.ca\/about\/"},"modified":"2024-06-25T16:32:17","modified_gmt":"2024-06-25T20:32:17","slug":"a-propos","status":"publish","type":"page","link":"https:\/\/cseb.ca\/fr\/a-propos\/","title":{"rendered":"\u00c0 propos"},"content":{"rendered":"<div id=\"cs-content\" class=\"cs-content\"><\/div>\n","protected":false},"excerpt":{"rendered":"<p>NOTRE MISSION La Soci\u00e9t\u00e9 canadienne d&rsquo;\u00e9pid\u00e9miologie et de biostatistique est un organisme professionnel qui favorise et fait la promotion de ces deux sciences interreli\u00e9es afin d&rsquo;am\u00e9liorer la sant\u00e9 et le bien-\u00eatre gr\u00e2ce \u00e0 la recherche et \u00e0 la pratique. \u00c0 &#8230; <\/p>\n<div><a href=\"https:\/\/cseb.ca\/fr\/a-propos\/\" class=\"more-link\">Read More<\/a><\/div>\n","protected":false},"author":2,"featured_media":0,"parent":0,"menu_order":100,"comment_status":"closed","ping_status":"closed","template":"template-blank-4.php","meta":{"footnotes":""},"class_list":["post-7190","page","type-page","status-publish","hentry","no-post-thumbnail"],"_links":{"self":[{"href":"https:\/\/cseb.ca\/fr\/wp-json\/wp\/v2\/pages\/7190","targetHints":{"allow":["GET"]}}],"collection":[{"href":"https:\/\/cseb.ca\/fr\/wp-json\/wp\/v2\/pages"}],"about":[{"href":"https:\/\/cseb.ca\/fr\/wp-json\/wp\/v2\/types\/page"}],"author":[{"embeddable":true,"href":"https:\/\/cseb.ca\/fr\/wp-json\/wp\/v2\/users\/2"}],"replies":[{"embeddable":true,"href":"https:\/\/cseb.ca\/fr\/wp-json\/wp\/v2\/comments?post=7190"}],"version-history":[{"count":1,"href":"https:\/\/cseb.ca\/fr\/wp-json\/wp\/v2\/pages\/7190\/revisions"}],"predecessor-version":[{"id":7191,"href":"https:\/\/cseb.ca\/fr\/wp-json\/wp\/v2\/pages\/7190\/revisions\/7191"}],"wp:attachment":[{"href":"https:\/\/cseb.ca\/fr\/wp-json\/wp\/v2\/media?parent=7190"}],"curies":[{"name":"wp","href":"https:\/\/api.w.org\/{rel}","templated":true}]}}