{"id":7194,"date":"2013-08-27T14:25:58","date_gmt":"2013-08-27T18:25:58","guid":{"rendered":"https:\/\/cseb.ca\/membership\/"},"modified":"2024-08-30T14:10:04","modified_gmt":"2024-08-30T18:10:04","slug":"adhesion","status":"publish","type":"page","link":"https:\/\/cseb.ca\/fr\/adhesion\/","title":{"rendered":"Adh\u00e9sion"},"content":{"rendered":"<div id=\"cs-content\" class=\"cs-content\"><\/div>\n","protected":false},"excerpt":{"rendered":"<p>Adh\u00e9sionNous vous remercions de votre int\u00e9r\u00eat \u00e0 vous joindre ou \u00e0 renouveler votre adh\u00e9sion \u00e0 la SCEB! Communications r\u00e9guli\u00e8res concernant les \u00e9v\u00e9nements importants, les emplois et les possibilit\u00e9s de perfectionnement professionnel. Rabais sur les conf\u00e9rences, les ateliers et les cours\/webinaires &#8230; <\/p>\n<div><a href=\"https:\/\/cseb.ca\/fr\/adhesion\/\" class=\"more-link\">Read More<\/a><\/div>\n","protected":false},"author":2,"featured_media":0,"parent":0,"menu_order":20,"comment_status":"closed","ping_status":"closed","template":"template-blank-4.php","meta":{"footnotes":""},"class_list":["post-7194","page","type-page","status-publish","hentry","no-post-thumbnail"],"_links":{"self":[{"href":"https:\/\/cseb.ca\/fr\/wp-json\/wp\/v2\/pages\/7194","targetHints":{"allow":["GET"]}}],"collection":[{"href":"https:\/\/cseb.ca\/fr\/wp-json\/wp\/v2\/pages"}],"about":[{"href":"https:\/\/cseb.ca\/fr\/wp-json\/wp\/v2\/types\/page"}],"author":[{"embeddable":true,"href":"https:\/\/cseb.ca\/fr\/wp-json\/wp\/v2\/users\/2"}],"replies":[{"embeddable":true,"href":"https:\/\/cseb.ca\/fr\/wp-json\/wp\/v2\/comments?post=7194"}],"version-history":[{"count":1,"href":"https:\/\/cseb.ca\/fr\/wp-json\/wp\/v2\/pages\/7194\/revisions"}],"predecessor-version":[{"id":7195,"href":"https:\/\/cseb.ca\/fr\/wp-json\/wp\/v2\/pages\/7194\/revisions\/7195"}],"wp:attachment":[{"href":"https:\/\/cseb.ca\/fr\/wp-json\/wp\/v2\/media?parent=7194"}],"curies":[{"name":"wp","href":"https:\/\/api.w.org\/{rel}","templated":true}]}}