{"id":7242,"date":"2013-07-16T06:46:24","date_gmt":"2013-07-16T10:46:24","guid":{"rendered":"https:\/\/cseb.ca\/resources\/"},"modified":"2024-06-26T12:09:47","modified_gmt":"2024-06-26T16:09:47","slug":"ressources","status":"publish","type":"page","link":"https:\/\/cseb.ca\/fr\/ressources\/","title":{"rendered":"Ressources"},"content":{"rendered":"<div id=\"cs-content\" class=\"cs-content\"><\/div>\n","protected":false},"excerpt":{"rendered":"<p>RESOURCESProgrammes acad\u00e9miquesUniversit\u00e9 Brock &#8211; Facult\u00e9 des sciences appliqu\u00e9es de la sant\u00e9Universit\u00e9 Dalhousie &#8211; D\u00e9partement de sant\u00e9 communautaire et d&rsquo;\u00e9pid\u00e9miologieUniversit\u00e9 Lakehead &#8211; Facult\u00e9 des sciences de la sant\u00e9Universit\u00e9 McGill &#8211; D\u00e9partement d&rsquo;\u00e9pid\u00e9miologie, de biostatistique et de sant\u00e9 au travailUniversit\u00e9 McMaster &#8211; &#8230; <\/p>\n<div><a href=\"https:\/\/cseb.ca\/fr\/ressources\/\" class=\"more-link\">Read More<\/a><\/div>\n","protected":false},"author":105,"featured_media":0,"parent":0,"menu_order":700,"comment_status":"closed","ping_status":"closed","template":"template-blank-4.php","meta":{"footnotes":""},"class_list":["post-7242","page","type-page","status-publish","hentry","no-post-thumbnail"],"_links":{"self":[{"href":"https:\/\/cseb.ca\/fr\/wp-json\/wp\/v2\/pages\/7242","targetHints":{"allow":["GET"]}}],"collection":[{"href":"https:\/\/cseb.ca\/fr\/wp-json\/wp\/v2\/pages"}],"about":[{"href":"https:\/\/cseb.ca\/fr\/wp-json\/wp\/v2\/types\/page"}],"author":[{"embeddable":true,"href":"https:\/\/cseb.ca\/fr\/wp-json\/wp\/v2\/users\/105"}],"replies":[{"embeddable":true,"href":"https:\/\/cseb.ca\/fr\/wp-json\/wp\/v2\/comments?post=7242"}],"version-history":[{"count":1,"href":"https:\/\/cseb.ca\/fr\/wp-json\/wp\/v2\/pages\/7242\/revisions"}],"predecessor-version":[{"id":7243,"href":"https:\/\/cseb.ca\/fr\/wp-json\/wp\/v2\/pages\/7242\/revisions\/7243"}],"wp:attachment":[{"href":"https:\/\/cseb.ca\/fr\/wp-json\/wp\/v2\/media?parent=7242"}],"curies":[{"name":"wp","href":"https:\/\/api.w.org\/{rel}","templated":true}]}}