{"id":7416,"date":"2024-07-09T15:09:39","date_gmt":"2024-07-09T19:09:39","guid":{"rendered":"https:\/\/cseb.ca\/?page_id=7416"},"modified":"2025-10-08T13:03:59","modified_gmt":"2025-10-08T17:03:59","slug":"mentorat","status":"publish","type":"page","link":"https:\/\/cseb.ca\/fr\/mentorat\/","title":{"rendered":"Programme de mentorat de la SCEB"},"content":{"rendered":"<div id=\"cs-content\" class=\"cs-content\"><\/div>\n","protected":false},"excerpt":{"rendered":"<p>PROGRAMME DE MENTORAT DE LA SCEB Bienvenue au programme de mentorat de la Soci\u00e9t\u00e9 canadienne d&rsquo;\u00e9pid\u00e9miologie et de biostatistique (SCEB). Notre objectif est de faciliter les opportunit\u00e9s de mentorat en \u00e9pid\u00e9miologie et en biostatistique en jumelant des \u00e9tudiants et des &#8230; <\/p>\n<div><a href=\"https:\/\/cseb.ca\/fr\/mentorat\/\" class=\"more-link\">Read More<\/a><\/div>\n","protected":false},"author":100,"featured_media":0,"parent":0,"menu_order":0,"comment_status":"closed","ping_status":"closed","template":"template-blank-4.php","meta":{"footnotes":""},"class_list":["post-7416","page","type-page","status-publish","hentry","no-post-thumbnail"],"_links":{"self":[{"href":"https:\/\/cseb.ca\/fr\/wp-json\/wp\/v2\/pages\/7416","targetHints":{"allow":["GET"]}}],"collection":[{"href":"https:\/\/cseb.ca\/fr\/wp-json\/wp\/v2\/pages"}],"about":[{"href":"https:\/\/cseb.ca\/fr\/wp-json\/wp\/v2\/types\/page"}],"author":[{"embeddable":true,"href":"https:\/\/cseb.ca\/fr\/wp-json\/wp\/v2\/users\/100"}],"replies":[{"embeddable":true,"href":"https:\/\/cseb.ca\/fr\/wp-json\/wp\/v2\/comments?post=7416"}],"version-history":[{"count":6,"href":"https:\/\/cseb.ca\/fr\/wp-json\/wp\/v2\/pages\/7416\/revisions"}],"predecessor-version":[{"id":12250,"href":"https:\/\/cseb.ca\/fr\/wp-json\/wp\/v2\/pages\/7416\/revisions\/12250"}],"wp:attachment":[{"href":"https:\/\/cseb.ca\/fr\/wp-json\/wp\/v2\/media?parent=7416"}],"curies":[{"name":"wp","href":"https:\/\/api.w.org\/{rel}","templated":true}]}}